{"id":8,"date":"2016-02-25T10:49:43","date_gmt":"2016-02-25T10:49:43","guid":{"rendered":"http:\/\/local.school-time\/?page_id=5"},"modified":"2023-12-25T09:48:07","modified_gmt":"2023-12-25T09:48:07","slug":"home","status":"publish","type":"page","link":"https:\/\/childrenofkapan.com\/en\/","title":{"rendered":"Home"},"content":{"rendered":"<div class=\"wpb-content-wrapper\"><p>[vc_row][vc_column][layerslider_vc id=&#8221;1&#8243;][\/vc_column][\/vc_row][vc_row][vc_column width=&#8221;1\/2&#8243;][vc_custom_heading text=&#8221;Was wir tun&#8221; use_theme_fonts=&#8221;yes&#8221;][vc_column_text]<\/p>\n<div class=\"\">\n<p class=\"\"><span class=\"\">Children of Kapan m\u00f6chte hochwertige Bildung f\u00fcr Kinder in Kapan, Nepal, anbieten. Nachdem im April 2017 ein Kindergarten gegr\u00fcndet wurde, soll in einem n\u00e4chsten Schritt eine Grundschule errichtet werden. Von Beginn an ist die Unterrichtssprache Englisch und pro Klasse werden maximal 15 Kinder aufgenommen. Kindergarten und Schule sind im Haus der Familie von Sonam Lama und Yangsi Sherpa eingerichtet worden, das von Children of Kapan angemietet ist. Das Grundst\u00fcck ist sehr ruhig und abseits der Luftverschmutzung und des L\u00e4rms von Kathmandu nahe der gr\u00fcnen H\u00fcgel des Kapan Klosters gelegen. Yangsi Sherpa ist die Leiterin des Kindergartens und der geplanten Schule. Weitere Details zum Programm finden Sie <a href=\"https:\/\/childrenofkapan.com\/concept\/\">hier<\/a>. Falls Sie Children of Kapan unterst\u00fctzen m\u00f6chten, finden Sie <a href=\"https:\/\/childrenofkapan.com\/how-to-support\/\">hier<\/a> zus\u00e4tzliche Informationen.<\/span><\/p>\n<\/div>\n<p>[\/vc_column_text][\/vc_column][vc_column width=&#8221;1\/2&#8243;][vc_custom_heading text=&#8221;Weshalb wir es tun&#8221; use_theme_fonts=&#8221;yes&#8221;][vc_column_text]<span class=\"\">2015 wurde Nepal von sehr starken Erdbeben ersch\u00fcttert, die Zerst\u00f6rung und Verw\u00fcstung nach sich zogen. Tausende Menschen haben unter dieser Naturkatastrophe gelitten und das Land sowie viele Familien haben sich noch nicht von diesem Schlag erholt. Noch heute sind grosse Teile der \u00f6ffentlichen Infrastruktur wie zum Beispiel \u00f6ffentliche Schulen zerst\u00f6rt oder noch immer geschlossen. Da Bildung die Basis daf\u00fcr ist, den Menschen eine bessere Zukunft zu erm\u00f6glichen, wurde im Jahr 2017 der Verein Children of Kapan gegr\u00fcndet. Ziel des Vereins ist es, Entwicklungshilfe im Bereich Bildung in Kapan und der Region um Kathmandu zu leisten.<\/span>[\/vc_column_text][\/vc_column][\/vc_row][vc_row][vc_column][vc_facebook el_id=&#8221;https:\/\/www.facebook.com\/profile.php?id=100063468586742&#8243;][\/vc_column][\/vc_row]<\/p>\n<\/div>","protected":false},"excerpt":{"rendered":"<p>[vc_row][vc_column][layerslider_vc id=&#8221;1&#8243;][\/vc_column][\/vc_row][vc_row][vc_column width=&#8221;1\/2&#8243;][vc_custom_heading text=&#8221;Was wir tun&#8221; use_theme_fonts=&#8221;yes&#8221;][vc_column_text] Children of Kapan m\u00f6chte hochwertige Bildung f\u00fcr Kinder in Kapan, Nepal, anbieten. Nachdem&nbsp;<a href=\"https:\/\/childrenofkapan.com\/en\/\">&hellip;<\/a><\/p>\n","protected":false},"author":6,"featured_media":0,"parent":0,"menu_order":0,"comment_status":"closed","ping_status":"closed","template":"template-home.php","meta":{"footnotes":""},"class_list":["post-8","page","type-page","status-publish","hentry","odd"],"_links":{"self":[{"href":"https:\/\/childrenofkapan.com\/en\/wp-json\/wp\/v2\/pages\/8","targetHints":{"allow":["GET"]}}],"collection":[{"href":"https:\/\/childrenofkapan.com\/en\/wp-json\/wp\/v2\/pages"}],"about":[{"href":"https:\/\/childrenofkapan.com\/en\/wp-json\/wp\/v2\/types\/page"}],"author":[{"embeddable":true,"href":"https:\/\/childrenofkapan.com\/en\/wp-json\/wp\/v2\/users\/6"}],"replies":[{"embeddable":true,"href":"https:\/\/childrenofkapan.com\/en\/wp-json\/wp\/v2\/comments?post=8"}],"version-history":[{"count":25,"href":"https:\/\/childrenofkapan.com\/en\/wp-json\/wp\/v2\/pages\/8\/revisions"}],"predecessor-version":[{"id":1853,"href":"https:\/\/childrenofkapan.com\/en\/wp-json\/wp\/v2\/pages\/8\/revisions\/1853"}],"wp:attachment":[{"href":"https:\/\/childrenofkapan.com\/en\/wp-json\/wp\/v2\/media?parent=8"}],"curies":[{"name":"wp","href":"https:\/\/api.w.org\/{rel}","templated":true}]}}